{"id":80,"date":"2021-04-05T13:45:03","date_gmt":"2021-04-05T11:45:03","guid":{"rendered":"https:\/\/fusspflege-walbrodt.de\/?page_id=80"},"modified":"2021-04-05T13:45:03","modified_gmt":"2021-04-05T11:45:03","slug":"impressum","status":"publish","type":"page","link":"https:\/\/fusspflege-walbrodt.de\/?page_id=80","title":{"rendered":"Impressum"},"content":{"rendered":"<div id=\"pl-80\"  class=\"panel-layout\" >\n<div id=\"pg-80-0\"  class=\"panel-grid panel-no-style\"  data-style=\"{&quot;background_image_attachment&quot;:false,&quot;background_display&quot;:&quot;tile&quot;,&quot;lsow_dark_bg&quot;:&quot;&quot;,&quot;cell_alignment&quot;:&quot;flex-start&quot;}\"  data-ratio=\"1\"  data-ratio-direction=\"right\" >\n<div id=\"pgc-80-0-0\"  class=\"panel-grid-cell\"  data-weight=\"1\" >\n<div id=\"panel-80-0-0-0\" class=\"so-panel widget widget_sow-editor panel-first-child panel-last-child\" data-index=\"0\" data-style=\"{&quot;background_image_attachment&quot;:false,&quot;background_display&quot;:&quot;tile&quot;}\" >\n<div class=\"so-widget-sow-editor so-widget-sow-editor-base\">\n<div class=\"siteorigin-widget-tinymce textwidget\">\n<div class=\"csc-header csc-header-n1\">\n<div class=\"csc-header csc-header-n1\">\n<h1 class=\"csc-firstHeader\">Kontaktdaten<\/h1>\n<\/div>\n<div class=\"csc-textpic-text\">\n<p class=\"bodytext\"><b>Fusspflege &#8211; Walbrodt<\/b><\/p>\n<p class=\"bodytext\">Angelika Walbrodt<\/p>\n<p class=\"bodytext\">M\u00fcnsterstra\u00dfe 13<br \/>\n53909 Z\u00fclpich<\/p>\n<p class=\"bodytext\"><b>Vertretungsberechtigte:<\/b>\u00a0Frau Angelika Walbrodt<\/p>\n<p class=\"bodytext\"><b>Telefon:<\/b>\u00a002252 &#8211; 83 70 860<br \/>\n<b><\/b><\/p>\n<p class=\"bodytext\"><b>E-Mail:\u00a0\u00a0\u00a0\u00a0 \u00a0<\/b><a href=\"mailto:info@fusspflege-walbrodt.de\">info@fusspflege-walbrodt.de<\/a><\/p>\n<p class=\"bodytext\"><b>Internet:\u00a0<\/b>\u00a0<a href=\"https:\/\/fusspflege-walbrodt.de\/\" target=\"_blank\" rel=\"noopener\">www.fusspflege-walbrodt.de<\/a><\/p>\n<h2 class=\"align-justify\">Zusatzinformationen f\u00fcr Impressum<\/h2>\n<p class=\"bodytext\"><b>Gerichtsstand:<\/b>\u00a0Euskirchen<br \/>\n<b>Steuernr.:<\/b>\u00a0211\/5115-1420<br \/>\n<b>Gesch\u00e4ftsf\u00fchrer:<\/b>\u00a0Angelika Walbrodt<\/p>\n<\/div>\n<div class=\"csc-header csc-header-n2\">\n<h1>Webdesign<\/h1>\n<\/div>\n<div class=\"csc-textpic csc-textpic-left csc-textpic-above\">\n<div class=\"csc-textpic-imagewrap\">\n<dl class=\"csc-textpic-image csc-textpic-firstcol csc-textpic-lastcol\">\n<dt><a href=\"http:\/\/www.x-sellers-webdesign.de\/\" target=\"_blank\" rel=\"noopener\"><img loading=\"lazy\" decoding=\"async\" src=\"https:\/\/fusspflege-walbrodt.de\/uploads\/pics\/X-Sellers.png\" alt=\"\" width=\"250\" height=\"52\" border=\"0\" \/><\/a><\/dt>\n<\/dl>\n<\/div>\n<div class=\"csc-textpic-text\"><\/div>\n<\/div>\n<div class=\"csc-textpic-clear\"><\/div>\n<p class=\"bodytext\">\n<\/div>\n<\/div>\n<\/div>\n<\/div>\n<\/div>\n<\/div>\n<\/div>\n","protected":false},"excerpt":{"rendered":"<p>Kontaktdaten Fusspflege &#8211; Walbrodt Angelika Walbrodt M\u00fcnsterstra\u00dfe 13 53909 Z\u00fclpich Vertretungsberechtigte:\u00a0Frau Angelika Walbrodt Telefon:\u00a002252 &#8211; 83 70 860 E-Mail:\u00a0\u00a0\u00a0\u00a0 \u00a0info@fusspflege-walbrodt.de Internet:\u00a0\u00a0www.fusspflege-walbrodt.de Zusatzinformationen f\u00fcr Impressum Gerichtsstand:\u00a0Euskirchen Steuernr.:\u00a0211\/5115-1420 Gesch\u00e4ftsf\u00fchrer:\u00a0Angelika Walbrodt Webdesign<\/p>\n","protected":false},"author":1,"featured_media":0,"parent":71,"menu_order":0,"comment_status":"closed","ping_status":"open","template":"","meta":{"footnotes":""},"class_list":["post-80","page","type-page","status-publish"],"_links":{"self":[{"href":"https:\/\/fusspflege-walbrodt.de\/index.php?rest_route=\/wp\/v2\/pages\/80","targetHints":{"allow":["GET"]}}],"collection":[{"href":"https:\/\/fusspflege-walbrodt.de\/index.php?rest_route=\/wp\/v2\/pages"}],"about":[{"href":"https:\/\/fusspflege-walbrodt.de\/index.php?rest_route=\/wp\/v2\/types\/page"}],"author":[{"embeddable":true,"href":"https:\/\/fusspflege-walbrodt.de\/index.php?rest_route=\/wp\/v2\/users\/1"}],"replies":[{"embeddable":true,"href":"https:\/\/fusspflege-walbrodt.de\/index.php?rest_route=%2Fwp%2Fv2%2Fcomments&post=80"}],"version-history":[{"count":1,"href":"https:\/\/fusspflege-walbrodt.de\/index.php?rest_route=\/wp\/v2\/pages\/80\/revisions"}],"predecessor-version":[{"id":81,"href":"https:\/\/fusspflege-walbrodt.de\/index.php?rest_route=\/wp\/v2\/pages\/80\/revisions\/81"}],"up":[{"embeddable":true,"href":"https:\/\/fusspflege-walbrodt.de\/index.php?rest_route=\/wp\/v2\/pages\/71"}],"wp:attachment":[{"href":"https:\/\/fusspflege-walbrodt.de\/index.php?rest_route=%2Fwp%2Fv2%2Fmedia&parent=80"}],"curies":[{"name":"wp","href":"https:\/\/api.w.org\/{rel}","templated":true}]}}