{"id":66,"date":"2021-04-05T13:23:19","date_gmt":"2021-04-05T11:23:19","guid":{"rendered":"https:\/\/fusspflege-walbrodt.de\/?page_id=66"},"modified":"2021-04-05T13:23:19","modified_gmt":"2021-04-05T11:23:19","slug":"gutscheine","status":"publish","type":"page","link":"https:\/\/fusspflege-walbrodt.de\/?page_id=66","title":{"rendered":"Gutscheine"},"content":{"rendered":"<div id=\"pl-66\"  class=\"panel-layout\" >\n<div id=\"pg-66-0\"  class=\"panel-grid panel-no-style\"  data-style=\"{&quot;background_image_attachment&quot;:false,&quot;background_display&quot;:&quot;tile&quot;,&quot;lsow_dark_bg&quot;:&quot;&quot;,&quot;cell_alignment&quot;:&quot;flex-start&quot;}\"  data-ratio=\"1\"  data-ratio-direction=\"right\" >\n<div id=\"pgc-66-0-0\"  class=\"panel-grid-cell\"  data-weight=\"1\" >\n<div id=\"panel-66-0-0-0\" class=\"so-panel widget widget_sow-editor panel-first-child panel-last-child\" data-index=\"0\" data-style=\"{&quot;background_image_attachment&quot;:false,&quot;background_display&quot;:&quot;tile&quot;}\" >\n<div class=\"so-widget-sow-editor so-widget-sow-editor-base\">\n<div class=\"siteorigin-widget-tinymce textwidget\">\n<div class=\"csc-header csc-header-n1\">\n<div class=\"csc-header csc-header-n1\">\n<div class=\"csc-header csc-header-n1\">\n<h1 class=\"csc-firstHeader\">Immer ein sch\u00f6nes Geschenk<\/h1>\n<\/div>\n<div class=\"csc-textpic-text\">\n<p class=\"bodytext\">Sie suchen ein Geschenk &#8211; zum Geburtstag, zu Weihnachten, zum Mutter- oder Vatertag, zum Valentinstag oder einfach so?<\/p>\n<p class=\"bodytext\">Schenken Sie doch Sch\u00f6nheit, Entspannung und Wellness mit einem sch\u00f6nen Geschenk-Gutschein f\u00fcr eine Behandlung. Der Gutschein ist individuell auf Ihre gew\u00fcnschten Behandlungen ausstellbar\u00a0.<\/p>\n<p><a href=\"https:\/\/fusspflege-walbrodt.de\/wp-content\/uploads\/2021\/04\/Gutschein.jpg\"><img loading=\"lazy\" decoding=\"async\" class=\"aligncenter wp-image-67 size-full\" src=\"https:\/\/fusspflege-walbrodt.de\/wp-content\/uploads\/2021\/04\/Gutschein.jpg\" alt=\"\" width=\"392\" height=\"600\" srcset=\"https:\/\/fusspflege-walbrodt.de\/wp-content\/uploads\/2021\/04\/Gutschein.jpg 392w, https:\/\/fusspflege-walbrodt.de\/wp-content\/uploads\/2021\/04\/Gutschein-196x300.jpg 196w\" sizes=\"auto, (max-width: 392px) 100vw, 392px\" \/><\/a><\/p>\n<\/div>\n<\/div>\n<\/div>\n<\/div>\n<\/div>\n<\/div>\n<\/div>\n<\/div>\n<\/div>\n","protected":false},"excerpt":{"rendered":"<p>Immer ein sch\u00f6nes Geschenk Sie suchen ein Geschenk &#8211; zum Geburtstag, zu Weihnachten, zum Mutter- oder Vatertag, zum Valentinstag oder einfach so? Schenken Sie doch Sch\u00f6nheit, Entspannung und Wellness mit einem sch\u00f6nen Geschenk-Gutschein f\u00fcr eine Behandlung. Der Gutschein ist individuell auf Ihre gew\u00fcnschten Behandlungen ausstellbar\u00a0.<\/p>\n","protected":false},"author":1,"featured_media":0,"parent":0,"menu_order":0,"comment_status":"closed","ping_status":"open","template":"","meta":{"footnotes":""},"class_list":["post-66","page","type-page","status-publish"],"_links":{"self":[{"href":"https:\/\/fusspflege-walbrodt.de\/index.php?rest_route=\/wp\/v2\/pages\/66","targetHints":{"allow":["GET"]}}],"collection":[{"href":"https:\/\/fusspflege-walbrodt.de\/index.php?rest_route=\/wp\/v2\/pages"}],"about":[{"href":"https:\/\/fusspflege-walbrodt.de\/index.php?rest_route=\/wp\/v2\/types\/page"}],"author":[{"embeddable":true,"href":"https:\/\/fusspflege-walbrodt.de\/index.php?rest_route=\/wp\/v2\/users\/1"}],"replies":[{"embeddable":true,"href":"https:\/\/fusspflege-walbrodt.de\/index.php?rest_route=%2Fwp%2Fv2%2Fcomments&post=66"}],"version-history":[{"count":1,"href":"https:\/\/fusspflege-walbrodt.de\/index.php?rest_route=\/wp\/v2\/pages\/66\/revisions"}],"predecessor-version":[{"id":68,"href":"https:\/\/fusspflege-walbrodt.de\/index.php?rest_route=\/wp\/v2\/pages\/66\/revisions\/68"}],"wp:attachment":[{"href":"https:\/\/fusspflege-walbrodt.de\/index.php?rest_route=%2Fwp%2Fv2%2Fmedia&parent=66"}],"curies":[{"name":"wp","href":"https:\/\/api.w.org\/{rel}","templated":true}]}}