{"id":42,"date":"2021-04-03T10:02:19","date_gmt":"2021-04-03T08:02:19","guid":{"rendered":"https:\/\/fusspflege-walbrodt.de\/?page_id=42"},"modified":"2021-04-05T13:12:35","modified_gmt":"2021-04-05T11:12:35","slug":"qualitaet","status":"publish","type":"page","link":"https:\/\/fusspflege-walbrodt.de\/?page_id=42","title":{"rendered":"Qualit\u00e4t"},"content":{"rendered":"<div id=\"pl-42\"  class=\"panel-layout\" >\n<div id=\"pg-42-0\"  class=\"panel-grid panel-no-style\"  data-style=\"{&quot;background_image_attachment&quot;:false,&quot;background_display&quot;:&quot;tile&quot;,&quot;lsow_dark_bg&quot;:&quot;&quot;,&quot;cell_alignment&quot;:&quot;flex-start&quot;}\"  data-ratio=\"1\"  data-ratio-direction=\"right\" >\n<div id=\"pgc-42-0-0\"  class=\"panel-grid-cell\"  data-weight=\"0.7\" >\n<div id=\"panel-42-0-0-0\" class=\"so-panel widget widget_sow-editor panel-first-child panel-last-child\" data-index=\"0\" data-style=\"{&quot;background_image_attachment&quot;:false,&quot;background_display&quot;:&quot;tile&quot;}\" >\n<div class=\"so-widget-sow-editor so-widget-sow-editor-base\">\n<div class=\"siteorigin-widget-tinymce textwidget\">\n<div class=\"csc-header csc-header-n1\">\n<div class=\"csc-header csc-header-n1\">\n<div class=\"csc-header csc-header-n1\">\n<h1 class=\"csc-firstHeader\">Das k\u00f6nnen Sie bei uns erwarten<\/h1>\n<\/div>\n<div class=\"csc-textpic-text\">\n<p class=\"bodytext\">Auf dieser Seite erhalten Sie in K\u00fcrze Informationen zu unserer qualitativ hochwertigen Arbeitsweise und unseren erstklassigen Produkten.<\/p>\n<\/div>\n<\/div>\n<\/div>\n<\/div>\n<\/div>\n<\/div>\n<\/div>\n<div id=\"pgc-42-0-1\"  class=\"panel-grid-cell\"  data-weight=\"0.3\" >\n<div id=\"panel-42-0-1-0\" class=\"so-panel widget widget_sow-editor panel-first-child panel-last-child\" data-index=\"1\" data-style=\"{&quot;background_image_attachment&quot;:false,&quot;background_display&quot;:&quot;tile&quot;}\" >\n<div class=\"so-widget-sow-editor so-widget-sow-editor-base\">\n<div class=\"siteorigin-widget-tinymce textwidget\">\n<p style=\"text-align: center;\"><span style=\"text-decoration: underline;\"><span style=\"background-color: #ba205a;\"><strong><span style=\"color: #ffffff; text-decoration: underline;\">Qualit\u00e4t<\/span><\/strong><\/span><\/span><\/p>\n<p><img loading=\"lazy\" decoding=\"async\" class=\"alignnone size-medium wp-image-45 aligncenter\" src=\"https:\/\/fusspflege-walbrodt.de\/wp-content\/uploads\/2021\/04\/16010595_S-300x202.jpg\" alt=\"\" width=\"300\" height=\"202\" srcset=\"https:\/\/fusspflege-walbrodt.de\/wp-content\/uploads\/2021\/04\/16010595_S-300x202.jpg 300w, https:\/\/fusspflege-walbrodt.de\/wp-content\/uploads\/2021\/04\/16010595_S-768x518.jpg 768w, https:\/\/fusspflege-walbrodt.de\/wp-content\/uploads\/2021\/04\/16010595_S.jpg 844w\" sizes=\"auto, (max-width: 300px) 100vw, 300px\" \/><\/p>\n<\/div>\n<\/div>\n<\/div>\n<\/div>\n<\/div>\n<\/div>\n","protected":false},"excerpt":{"rendered":"<p>Das k\u00f6nnen Sie bei uns erwarten Auf dieser Seite erhalten Sie in K\u00fcrze Informationen zu unserer qualitativ hochwertigen Arbeitsweise und unseren erstklassigen Produkten. Qualit\u00e4t<\/p>\n","protected":false},"author":1,"featured_media":0,"parent":0,"menu_order":0,"comment_status":"closed","ping_status":"open","template":"","meta":{"footnotes":""},"class_list":["post-42","page","type-page","status-publish"],"_links":{"self":[{"href":"https:\/\/fusspflege-walbrodt.de\/index.php?rest_route=\/wp\/v2\/pages\/42","targetHints":{"allow":["GET"]}}],"collection":[{"href":"https:\/\/fusspflege-walbrodt.de\/index.php?rest_route=\/wp\/v2\/pages"}],"about":[{"href":"https:\/\/fusspflege-walbrodt.de\/index.php?rest_route=\/wp\/v2\/types\/page"}],"author":[{"embeddable":true,"href":"https:\/\/fusspflege-walbrodt.de\/index.php?rest_route=\/wp\/v2\/users\/1"}],"replies":[{"embeddable":true,"href":"https:\/\/fusspflege-walbrodt.de\/index.php?rest_route=%2Fwp%2Fv2%2Fcomments&post=42"}],"version-history":[{"count":9,"href":"https:\/\/fusspflege-walbrodt.de\/index.php?rest_route=\/wp\/v2\/pages\/42\/revisions"}],"predecessor-version":[{"id":55,"href":"https:\/\/fusspflege-walbrodt.de\/index.php?rest_route=\/wp\/v2\/pages\/42\/revisions\/55"}],"wp:attachment":[{"href":"https:\/\/fusspflege-walbrodt.de\/index.php?rest_route=%2Fwp%2Fv2%2Fmedia&parent=42"}],"curies":[{"name":"wp","href":"https:\/\/api.w.org\/{rel}","templated":true}]}}