{"id":40,"date":"2021-04-03T10:01:02","date_gmt":"2021-04-03T08:01:02","guid":{"rendered":"https:\/\/fusspflege-walbrodt.de\/?page_id=40"},"modified":"2021-04-05T13:02:31","modified_gmt":"2021-04-05T11:02:31","slug":"ueber-mich","status":"publish","type":"page","link":"https:\/\/fusspflege-walbrodt.de\/?page_id=40","title":{"rendered":"\u00dcber mich"},"content":{"rendered":"<div id=\"pl-40\"  class=\"panel-layout\" >\n<div id=\"pg-40-0\"  class=\"panel-grid panel-no-style\"  data-style=\"{&quot;background_image_attachment&quot;:false,&quot;background_display&quot;:&quot;tile&quot;,&quot;lsow_dark_bg&quot;:&quot;&quot;,&quot;cell_alignment&quot;:&quot;flex-start&quot;}\"  data-ratio=\"1\"  data-ratio-direction=\"right\" >\n<div id=\"pgc-40-0-0\"  class=\"panel-grid-cell\"  data-weight=\"1\" >\n<div id=\"panel-40-0-0-0\" class=\"so-panel widget widget_sow-editor panel-first-child panel-last-child\" data-index=\"0\" >\n<div class=\"so-widget-sow-editor so-widget-sow-editor-base\">\n<div class=\"siteorigin-widget-tinymce textwidget\">\n<div class=\"csc-header csc-header-n1\">\n<div class=\"csc-header csc-header-n1\">\n<h1 class=\"csc-firstHeader\">Ich m\u00f6chte mich kurz vorstellen<\/h1>\n<\/div>\n<div class=\"csc-textpic-text\">\n<p class=\"bodytext\">Mein Name ist Angelika Walbrodt und ich wurde 1969 im sch\u00f6nen Eifelst\u00e4dtchen Heimbach geboren.<\/p>\n<p class=\"bodytext\">Vor meinem Gang in die Selbst\u00e4ndigkeit arbeitete ich 13\u00a0Jahre in einer\u00a0Allgemeinarztpraxis.Danach war ich 7 Jahre in der mobilen\u00a0Altenpflege t\u00e4tig.<\/p>\n<p class=\"bodytext\">Im Jahr 2008 besuchte ich die &#8222;Beautymed Akademie&#8220; in Nienburg und schloss dort meine Ausbildung zur medizinisch\/kosmetischen Fusspflegerin\u00a0mit Zusatzzertifikat in der Fussdruckpunktmassage erfolgreich ab.<\/p>\n<p class=\"bodytext\">Seit 2009 arbeite ich in meinem eigenen Fusspflegestudio in Z\u00fclpich.<\/p>\n<p class=\"bodytext\">Ich w\u00fcrde mich freuen, auch Sie bald in meinem Studio begr\u00fcssen zu d\u00fcrfen.<\/p>\n<\/div>\n<\/div>\n<\/div>\n<\/div>\n<\/div>\n<\/div>\n<\/div>\n<\/div>\n","protected":false},"excerpt":{"rendered":"<p>Ich m\u00f6chte mich kurz vorstellen Mein Name ist Angelika Walbrodt und ich wurde 1969 im sch\u00f6nen Eifelst\u00e4dtchen Heimbach geboren. Vor meinem Gang in die Selbst\u00e4ndigkeit arbeitete ich 13\u00a0Jahre in einer\u00a0Allgemeinarztpraxis.Danach war ich 7 Jahre in der mobilen\u00a0Altenpflege t\u00e4tig. Im Jahr 2008 besuchte ich die &#8222;Beautymed Akademie&#8220; in Nienburg und schloss dort meine Ausbildung zur medizinisch\/kosmetischen &#8230; <a title=\"\u00dcber mich\" class=\"read-more\" href=\"https:\/\/fusspflege-walbrodt.de\/?page_id=40\" aria-label=\"Mehr dazu unter \u00dcber mich\">Weiterlesen<\/a><\/p>\n","protected":false},"author":1,"featured_media":0,"parent":0,"menu_order":0,"comment_status":"closed","ping_status":"open","template":"","meta":{"footnotes":""},"class_list":["post-40","page","type-page","status-publish"],"_links":{"self":[{"href":"https:\/\/fusspflege-walbrodt.de\/index.php?rest_route=\/wp\/v2\/pages\/40","targetHints":{"allow":["GET"]}}],"collection":[{"href":"https:\/\/fusspflege-walbrodt.de\/index.php?rest_route=\/wp\/v2\/pages"}],"about":[{"href":"https:\/\/fusspflege-walbrodt.de\/index.php?rest_route=\/wp\/v2\/types\/page"}],"author":[{"embeddable":true,"href":"https:\/\/fusspflege-walbrodt.de\/index.php?rest_route=\/wp\/v2\/users\/1"}],"replies":[{"embeddable":true,"href":"https:\/\/fusspflege-walbrodt.de\/index.php?rest_route=%2Fwp%2Fv2%2Fcomments&post=40"}],"version-history":[{"count":3,"href":"https:\/\/fusspflege-walbrodt.de\/index.php?rest_route=\/wp\/v2\/pages\/40\/revisions"}],"predecessor-version":[{"id":48,"href":"https:\/\/fusspflege-walbrodt.de\/index.php?rest_route=\/wp\/v2\/pages\/40\/revisions\/48"}],"wp:attachment":[{"href":"https:\/\/fusspflege-walbrodt.de\/index.php?rest_route=%2Fwp%2Fv2%2Fmedia&parent=40"}],"curies":[{"name":"wp","href":"https:\/\/api.w.org\/{rel}","templated":true}]}}